{"id":5618,"date":"2017-09-30T13:31:26","date_gmt":"2017-09-30T12:31:26","guid":{"rendered":"https:\/\/www.cecilezehnacker.com\/a-propos\/"},"modified":"2025-11-13T12:45:48","modified_gmt":"2025-11-13T11:45:48","slug":"a-propos","status":"publish","type":"page","link":"https:\/\/www.cecilezehnacker.com\/fr\/a-propos\/","title":{"rendered":"\u00c0 PROPOS"},"content":{"rendered":"<p style=\"text-align: justify;\"><img decoding=\"async\" class=\"alignnone wp-image-7112 size-medium\" src=\"https:\/\/www.cecilezehnacker.com\/wp-content\/uploads\/2025\/04\/IMG_9654-2-300x300.jpg\" alt=\"\" width=\"300\" height=\"300\" srcset=\"https:\/\/www.cecilezehnacker.com\/wp-content\/uploads\/2025\/04\/IMG_9654-2-300x300.jpg 300w, https:\/\/www.cecilezehnacker.com\/wp-content\/uploads\/2025\/04\/IMG_9654-2-1024x1024.jpg 1024w, https:\/\/www.cecilezehnacker.com\/wp-content\/uploads\/2025\/04\/IMG_9654-2-150x150.jpg 150w, https:\/\/www.cecilezehnacker.com\/wp-content\/uploads\/2025\/04\/IMG_9654-2-768x768.jpg 768w, https:\/\/www.cecilezehnacker.com\/wp-content\/uploads\/2025\/04\/IMG_9654-2-12x12.jpg 12w, https:\/\/www.cecilezehnacker.com\/wp-content\/uploads\/2025\/04\/IMG_9654-2-582x582.jpg 582w, https:\/\/www.cecilezehnacker.com\/wp-content\/uploads\/2025\/04\/IMG_9654-2-378x378.jpg 378w, https:\/\/www.cecilezehnacker.com\/wp-content\/uploads\/2025\/04\/IMG_9654-2-276x276.jpg 276w, https:\/\/www.cecilezehnacker.com\/wp-content\/uploads\/2025\/04\/IMG_9654-2-450x450.jpg 450w, https:\/\/www.cecilezehnacker.com\/wp-content\/uploads\/2025\/04\/IMG_9654-2.jpg 1080w\" sizes=\"(max-width: 300px) 100vw, 300px\" \/><\/p>\n<p style=\"text-align: justify;\">Je suis une photographe fran\u00e7aise vivant \u00e0 P\u00e9kin, en Chine, depuis 2014. En 2015, j&#8217;ai commenc\u00e9 \u00e0 travailler en tant que consultante nouveaux m\u00e9dias pour un m\u00e9dia chinois, lequel m&#8217;a invit\u00e9e \u00e0 participer \u00e0 plusieurs voyages et \u00e9v\u00e9nements, et m&#8217;a offert la possibilit\u00e9 de commencer mon parcours de photographe professionnelle. J&#8217;ai alors commenc\u00e9 \u00e0 travailler comme photojournaliste et reporter pour ce m\u00e9dia, en plus de mes autres t\u00e2ches, tout en voyageant \u00e0 travers la Chine et l&#8217;Asie pendant mon temps libre pour photographier les gens et les cultures locales, avec un accent particulier sur les traditions locales qui tendent \u00e0 dispara\u00eetre du fait de la modernisation du pays et de la globalisation au sens large.<\/p>\n<p style=\"text-align: justify;\">Au fil des ann\u00e9es pass\u00e9es en Chine, j&#8217;ai acquis une connaissance approfondie de la Chine et de la culture chinoise, ainsi que de la culture tib\u00e9taine. J&#8217;ai \u00e9galement appris le chinois en prenant une ann\u00e9e sabbatique pour \u00e9tudier la langue \u00e0 temps plein \u00e0 l&#8217;universit\u00e9 normale de P\u00e9kin, apr\u00e8s quoi je suis retourn\u00e9e dans le monde des m\u00e9dias. J&#8217;ai finalement quitt\u00e9 mon emploi \u00e0 plein temps en 2022, tout en continuant \u00e0 travailler comme r\u00e9dactrice ind\u00e9pendante sp\u00e9cialis\u00e9e sur la Chine, et j&#8217;ai cr\u00e9\u00e9 ma propre entreprise \u00e0 P\u00e9kin. En 2023, j&#8217;ai commenc\u00e9 \u00e0 organiser et \u00e0 accompagner des voyages photo \u00e0 travers la Chine pour des agences de voyage \u00e9trang\u00e8res ainsi que de mani\u00e8re ind\u00e9pendante, et depuis 2025, je suis \u00e9galement organisatrice de voyages en Chine et sur le plateau tib\u00e9tain.<\/p>\n<p style=\"text-align: justify;\">Mes photos ont \u00e9t\u00e9 expos\u00e9es dans des galeries au Maroc, o\u00f9 j&#8217;ai \u00e9galement v\u00e9cu, et publi\u00e9es en Chine et en France. J&#8217;ai \u00e9galement particip\u00e9 \u00e0 plusieurs expositions. Bien que je me concentre principalement sur la photographie de voyage et documentaire, je r\u00e9alise \u00e9galement des portraits et des projets commerciaux, avec un accent particulier sur la photographie d&#8217;int\u00e9rieur (h\u00f4tels, restaurants, magasins, d\u00e9coration d&#8217;int\u00e9rieur, etc.)<\/p>\n<p style=\"text-align: justify;\">Vous pouvez me joindre \u00e0 l&#8217;adresse suivante : hello@cecilezehnacker.com, et mon Instagram est @cecilezehnacker .<\/p>\n<h4 style=\"text-align: justify;\">EXPOSITIONS :<\/h4>\n<ul style=\"text-align: justify;\">\n<li>2025 : Atlas of Humanity, Paris, France (exposition collective)<\/li>\n<li>2024 : Kashi in Lights and Shadows, Kashgar, Chine (exposition collective)<\/li>\n<li>2023 : Semaine internationale de la culture visuelle de Hailongtun, province de Guizhou, Chine (exposition collective)<\/li>\n<li>2023 : South China Fishing Culture, Caf\u00e9 Zarah, P\u00e9kin, Chine (exposition individuelle)<\/li>\n<li>2015 : Exposition universelle de Milan 2015 &#8211; Pavillon du Guangdong, Milan, Italie (exposition collective)<\/li>\n<\/ul>\n<h4 style=\"text-align: justify;\">GALERIES :<\/h4>\n<ul style=\"text-align: justify;\">\n<li>De Bouche \u00e0 Oreille, Marrakech, Maroc<\/li>\n<li>Maison Blaoui, Marrakech, Maroc<\/li>\n<\/ul>\n<h4 style=\"text-align: justify;\">PUBLI\u00c9 DANS :<\/h4>\n<ul>\n<li style=\"text-align: justify;\">Magazine China Pictorial<\/li>\n<li style=\"text-align: justify;\">Magazine China Report<\/li>\n<li style=\"text-align: justify;\">Magazine \u4eba\u6c11\u753b\u62a5<\/li>\n<li style=\"text-align: justify;\">Site web China.org.cn<\/li>\n<li style=\"text-align: justify;\">Livre &#8220;En Train en Asie&#8221; (\u00e9ditions Gallimard)<\/li>\n<\/ul>\n","protected":false},"excerpt":{"rendered":"<p>Je suis une photographe fran\u00e7aise vivant \u00e0 P\u00e9kin, en Chine, depuis 2014. En 2015, j&#8217;ai commenc\u00e9 \u00e0 travailler en tant que consultante nouveaux m\u00e9dias pour un m\u00e9dia chinois, lequel m&#8217;a invit\u00e9e \u00e0 participer \u00e0 plusieurs voyages et \u00e9v\u00e9nements, et m&#8217;a offert la possibilit\u00e9 de commencer mon parcours de photographe professionnelle. J&#8217;ai alors commenc\u00e9 \u00e0 travailler [&hellip;]<\/p>\n","protected":false},"author":1,"featured_media":0,"parent":0,"menu_order":0,"comment_status":"closed","ping_status":"closed","template":"","meta":{"_exactmetrics_skip_tracking":false,"_exactmetrics_sitenote_active":false,"_exactmetrics_sitenote_note":"","_exactmetrics_sitenote_category":0,"footnotes":""},"class_list":["post-5618","page","type-page","status-publish","hentry"],"_links":{"self":[{"href":"https:\/\/www.cecilezehnacker.com\/fr\/wp-json\/wp\/v2\/pages\/5618","targetHints":{"allow":["GET"]}}],"collection":[{"href":"https:\/\/www.cecilezehnacker.com\/fr\/wp-json\/wp\/v2\/pages"}],"about":[{"href":"https:\/\/www.cecilezehnacker.com\/fr\/wp-json\/wp\/v2\/types\/page"}],"author":[{"embeddable":true,"href":"https:\/\/www.cecilezehnacker.com\/fr\/wp-json\/wp\/v2\/users\/1"}],"replies":[{"embeddable":true,"href":"https:\/\/www.cecilezehnacker.com\/fr\/wp-json\/wp\/v2\/comments?post=5618"}],"version-history":[{"count":10,"href":"https:\/\/www.cecilezehnacker.com\/fr\/wp-json\/wp\/v2\/pages\/5618\/revisions"}],"predecessor-version":[{"id":7135,"href":"https:\/\/www.cecilezehnacker.com\/fr\/wp-json\/wp\/v2\/pages\/5618\/revisions\/7135"}],"wp:attachment":[{"href":"https:\/\/www.cecilezehnacker.com\/fr\/wp-json\/wp\/v2\/media?parent=5618"}],"curies":[{"name":"wp","href":"https:\/\/api.w.org\/{rel}","templated":true}]}}